{"id":4347,"date":"2026-04-26T07:28:22","date_gmt":"2026-04-26T11:28:22","guid":{"rendered":"https:\/\/cpamapc.org\/politique-de-confidentialite-2\/"},"modified":"2026-04-26T08:31:32","modified_gmt":"2026-04-26T12:31:32","slug":"politique-de-confidentialite","status":"publish","type":"page","link":"https:\/\/cpamapc.org\/fr\/politique-de-confidentialite\/","title":{"rendered":"Politique de confidentialit\u00e9"},"content":{"rendered":"<p><div class=\"fusion-fullwidth fullwidth-box fusion-builder-row-1 fusion-flex-container has-pattern-background has-mask-background fusion-parallax-none hundred-percent-fullwidth non-hundred-percent-height-scrolling\" style=\"--link_hover_color: #005663;--link_color: #007c89;--awb-border-sizes-top:0;--awb-border-sizes-bottom:0;--awb-border-sizes-left:0;--awb-border-sizes-right:0;--awb-border-color:#ffffff;--awb-border-radius-top-left:0px;--awb-border-radius-top-right:0px;--awb-border-radius-bottom-right:0px;--awb-border-radius-bottom-left:0px;--awb-padding-top:0px;--awb-padding-right:0px;--awb-padding-bottom:0px;--awb-padding-left:8px;--awb-padding-top-medium:25px;--awb-padding-right-medium:25px;--awb-padding-left-medium:25px;--awb-margin-top:0px;--awb-margin-bottom:0px;--awb-margin-bottom-medium:0px;--awb-margin-bottom-small:0px;--awb-min-height:430PX;--awb-background-color:rgba(255,255,255,0);--awb-background-image:url(&quot;https:\/\/cpamapc.org\/wp-content\/uploads\/2022\/08\/Blue-Background-Illustration-01-2.png&quot;);--awb-background-size:cover;--awb-flex-wrap:wrap;\" ><div class=\"fusion-builder-row fusion-row fusion-flex-align-items-center fusion-flex-justify-content-center fusion-flex-content-wrap\" style=\"width:104% !important;max-width:104% !important;margin-left: calc(-4% \/ 2 );margin-right: calc(-4% \/ 2 );\"><div class=\"fusion-layout-column fusion_builder_column fusion-builder-column-0 fusion_builder_column_1_1 1_1 fusion-flex-column fusion-flex-align-self-center\" style=\"--awb-padding-right:20.305000000000007px;--awb-padding-left:19.305000000000007px;--awb-padding-top-medium:60px;--awb-padding-right-medium:60px;--awb-padding-bottom-medium:60px;--awb-padding-left-medium:60px;--awb-bg-color:rgba(255,255,255,0);--awb-bg-color-hover:rgba(255,255,255,0);--awb-bg-position:center center;--awb-bg-size:cover;--awb-width-large:100%;--awb-margin-top-large:0px;--awb-spacing-right-large:0px;--awb-margin-bottom-large:0px;--awb-spacing-left-large:0px;--awb-width-medium:100%;--awb-order-medium:0;--awb-spacing-right-medium:0px;--awb-spacing-left-medium:0px;--awb-width-small:100%;--awb-order-small:0;--awb-spacing-right-small:1.92%;--awb-spacing-left-small:1.92%;\"><div class=\"fusion-column-wrapper fusion-column-has-shadow fusion-flex-justify-content-flex-start fusion-content-layout-column\"><div class=\"fusion-title title fusion-title-1 fusion-sep-none fusion-title-center fusion-title-text fusion-title-size-one\" style=\"--awb-text-color:#00adcc;\"><h1 class=\"fusion-title-heading title-heading-center fusion-responsive-typography-calculated\" style=\"margin:0;letter-spacing:-1px;--fontSize:60;line-height:1;\">POLITIQUE DE CONFIDENTIALIT\u00c9<\/h1><\/div><\/div><\/div><\/div><\/div><div class=\"fusion-fullwidth fullwidth-box fusion-builder-row-2 fusion-flex-container has-pattern-background has-mask-background nonhundred-percent-fullwidth non-hundred-percent-height-scrolling\" style=\"--awb-border-sizes-top:0px;--awb-border-sizes-bottom:0px;--awb-border-sizes-left:0px;--awb-border-sizes-right:0px;--awb-border-color:#ffffff;--awb-border-radius-top-left:0px;--awb-border-radius-top-right:0px;--awb-border-radius-bottom-right:0px;--awb-border-radius-bottom-left:0px;--awb-padding-top:70px;--awb-padding-right:80px;--awb-padding-bottom:67px;--awb-padding-left:80px;--awb-padding-right-medium:70px;--awb-padding-left-medium:70px;--awb-padding-top-small:0px;--awb-padding-right-small:30px;--awb-padding-bottom-small:60px;--awb-padding-left-small:30px;--awb-margin-top:0px;--awb-margin-bottom:68px;--awb-margin-bottom-medium:70px;--awb-margin-bottom-small:60px;--awb-background-color:#ffffff;--awb-flex-wrap:wrap;\" ><div class=\"fusion-builder-row fusion-row fusion-flex-align-items-center fusion-flex-justify-content-center fusion-flex-content-wrap\" style=\"max-width:calc( 1100px + 30px );margin-left: calc(-30px \/ 2 );margin-right: calc(-30px \/ 2 );\"><div class=\"fusion-layout-column fusion_builder_column fusion-builder-column-1 fusion_builder_column_2_3 2_3 fusion-flex-column fusion-flex-align-self-stretch fusion-animated\" style=\"--awb-padding-right-small:54.9863px;--awb-padding-left-small:0px;--awb-bg-color:#ffffff;--awb-bg-color-hover:#ffffff;--awb-bg-size:cover;--awb-width-large:66.666666666667%;--awb-margin-top-large:0px;--awb-spacing-right-large:0px;--awb-margin-bottom-large:0px;--awb-spacing-left-large:35px;--awb-width-medium:66.666666666667%;--awb-order-medium:0;--awb-spacing-right-medium:0px;--awb-spacing-left-medium:50px;--awb-width-small:100%;--awb-order-small:1;--awb-spacing-right-small:5px;--awb-spacing-left-small:30px;\" data-animationType=\"fadeInLeft\" data-animationDuration=\"1.3\" data-animationOffset=\"top-into-view\" data-scroll-devices=\"small-visibility,medium-visibility,large-visibility\"><div class=\"fusion-column-wrapper fusion-column-has-shadow fusion-flex-justify-content-flex-start fusion-content-layout-column\"><div class=\"fusion-title title fusion-title-2 fusion-sep-none fusion-title-text fusion-title-size-two\" style=\"--awb-margin-bottom:30px;--awb-sep-color:#e2e2e2;\"><h2 class=\"fusion-title-heading title-heading-left fusion-responsive-typography-calculated\" style=\"margin:0;--fontSize:30;line-height:1.25;\">Collecte des informations<\/h2><\/div><div class=\"fusion-separator fusion-full-width-sep\" style=\"align-self: center;margin-left: auto;margin-right: auto;margin-bottom:20px;width:100%;\"><div class=\"fusion-separator-border sep-single\" style=\"--awb-height:20px;--awb-amount:20px;border-color:var(--awb-color3);border-top-width:1px;\"><\/div><\/div><div class=\"fusion-text fusion-text-1\" style=\"--awb-line-height:1.7em;\"><p>Nous collectons certaines informations lorsque vous naviguez sur notre site, notamment votre adresse IP, le type de navigateur utilis\u00e9 et les pages consult\u00e9es. Ces donn\u00e9es nous permettent d\u2019assurer le bon fonctionnement du site et d\u2019am\u00e9liorer l\u2019exp\u00e9rience utilisateur.<\/p>\n<\/div><div class=\"fusion-title title fusion-title-3 fusion-sep-none fusion-title-text fusion-title-size-two\" style=\"--awb-margin-bottom:30px;--awb-sep-color:#e2e2e2;\"><h2 class=\"fusion-title-heading title-heading-left fusion-responsive-typography-calculated\" style=\"margin:0;--fontSize:30;line-height:1.25;\">Utilisation des donn\u00e9es<\/h2><\/div><div class=\"fusion-separator fusion-full-width-sep\" style=\"align-self: center;margin-left: auto;margin-right: auto;margin-bottom:20px;width:100%;\"><div class=\"fusion-separator-border sep-single\" style=\"--awb-height:20px;--awb-amount:20px;border-color:var(--awb-color3);border-top-width:1px;\"><\/div><\/div><div class=\"fusion-text fusion-text-2\" style=\"--awb-line-height:1.7em;\"><p>Les informations collect\u00e9es sont utilis\u00e9es pour analyser la fr\u00e9quentation du site, am\u00e9liorer nos services et proposer un contenu adapt\u00e9. Aucune donn\u00e9e personnelle n\u2019est vendue ou partag\u00e9e \u00e0 des fins commerciales sans votre consentement.<\/p>\n<\/div><div class=\"fusion-title title fusion-title-4 fusion-sep-none fusion-title-text fusion-title-size-two\" style=\"--awb-margin-bottom:30px;--awb-sep-color:#e2e2e2;\"><h2 class=\"fusion-title-heading title-heading-left fusion-responsive-typography-calculated\" style=\"margin:0;--fontSize:30;line-height:1.25;\">Gestion des cookies<\/h2><\/div><div class=\"fusion-separator fusion-full-width-sep\" style=\"align-self: center;margin-left: auto;margin-right: auto;margin-bottom:20px;width:100%;\"><div class=\"fusion-separator-border sep-single\" style=\"--awb-height:20px;--awb-amount:20px;border-color:var(--awb-color3);border-top-width:1px;\"><\/div><\/div><div class=\"fusion-text fusion-text-3\" style=\"--awb-line-height:1.7em;\"><p>Notre site utilise des cookies afin de garantir une navigation optimale et de mesurer l\u2019audience. Vous pouvez \u00e0 tout moment accepter, refuser ou personnaliser l\u2019utilisation des cookies via la banni\u00e8re de consentement.<\/p>\n<\/div><\/div><\/div><\/div><\/div><\/p>\n","protected":false},"excerpt":{"rendered":"","protected":false},"author":6,"featured_media":0,"parent":0,"menu_order":0,"comment_status":"closed","ping_status":"closed","template":"100-width.php","meta":{"_EventAllDay":false,"_EventTimezone":"","_EventStartDate":"","_EventEndDate":"","_EventStartDateUTC":"","_EventEndDateUTC":"","_EventShowMap":false,"_EventShowMapLink":false,"_EventURL":"","_EventCost":"","_EventCostDescription":"","_EventCurrencySymbol":"","_EventCurrencyCode":"","_EventCurrencyPosition":"","_EventDateTimeSeparator":"","_EventTimeRangeSeparator":"","_EventOrganizerID":[],"_EventVenueID":[],"_OrganizerEmail":"","_OrganizerPhone":"","_OrganizerWebsite":"","_VenueAddress":"","_VenueCity":"","_VenueCountry":"","_VenueProvince":"","_VenueState":"","_VenueZip":"","_VenuePhone":"","_VenueURL":"","_VenueStateProvince":"","_VenueLat":"","_VenueLng":"","_VenueShowMap":false,"_VenueShowMapLink":false,"footnotes":""},"class_list":["post-4347","page","type-page","status-publish","hentry"],"yoast_head":"<!-- This site is optimized with the Yoast SEO plugin v27.4 - https:\/\/yoast.com\/product\/yoast-seo-wordpress\/ -->\n<title>Politique de confidentialit\u00e9 - Montreal Assault Prevention Centre<\/title>\n<meta name=\"robots\" content=\"index, follow, max-snippet:-1, max-image-preview:large, max-video-preview:-1\" \/>\n<link rel=\"canonical\" href=\"https:\/\/cpamapc.org\/fr\/politique-de-confidentialite\/\" \/>\n<meta property=\"og:locale\" content=\"fr_FR\" \/>\n<meta property=\"og:type\" content=\"article\" \/>\n<meta property=\"og:title\" content=\"Politique de confidentialit\u00e9 - Montreal Assault Prevention Centre\" \/>\n<meta property=\"og:url\" content=\"https:\/\/cpamapc.org\/fr\/politique-de-confidentialite\/\" \/>\n<meta property=\"og:site_name\" content=\"Montreal Assault Prevention Centre\" \/>\n<meta property=\"article:modified_time\" content=\"2026-04-26T12:31:32+00:00\" \/>\n<meta name=\"twitter:card\" content=\"summary_large_image\" \/>\n<meta name=\"twitter:label1\" content=\"Dur\u00e9e de lecture estim\u00e9e\" \/>\n\t<meta name=\"twitter:data1\" content=\"1 minute\" \/>\n<script type=\"application\/ld+json\" class=\"yoast-schema-graph\">{\"@context\":\"https:\\\/\\\/schema.org\",\"@graph\":[{\"@type\":\"WebPage\",\"@id\":\"https:\\\/\\\/cpamapc.org\\\/fr\\\/politique-de-confidentialite\\\/\",\"url\":\"https:\\\/\\\/cpamapc.org\\\/fr\\\/politique-de-confidentialite\\\/\",\"name\":\"Politique de confidentialit\u00e9 - Montreal Assault Prevention Centre\",\"isPartOf\":{\"@id\":\"https:\\\/\\\/cpamapc.org\\\/fr\\\/#website\"},\"datePublished\":\"2026-04-26T11:28:22+00:00\",\"dateModified\":\"2026-04-26T12:31:32+00:00\",\"breadcrumb\":{\"@id\":\"https:\\\/\\\/cpamapc.org\\\/fr\\\/politique-de-confidentialite\\\/#breadcrumb\"},\"inLanguage\":\"fr-FR\",\"potentialAction\":[{\"@type\":\"ReadAction\",\"target\":[\"https:\\\/\\\/cpamapc.org\\\/fr\\\/politique-de-confidentialite\\\/\"]}]},{\"@type\":\"BreadcrumbList\",\"@id\":\"https:\\\/\\\/cpamapc.org\\\/fr\\\/politique-de-confidentialite\\\/#breadcrumb\",\"itemListElement\":[{\"@type\":\"ListItem\",\"position\":1,\"name\":\"Home\",\"item\":\"https:\\\/\\\/cpamapc.org\\\/fr\\\/\"},{\"@type\":\"ListItem\",\"position\":2,\"name\":\"Politique de confidentialit\u00e9\"}]},{\"@type\":\"WebSite\",\"@id\":\"https:\\\/\\\/cpamapc.org\\\/fr\\\/#website\",\"url\":\"https:\\\/\\\/cpamapc.org\\\/fr\\\/\",\"name\":\"Montreal Assault Prevention Centre\",\"description\":\"Assault prevention\",\"potentialAction\":[{\"@type\":\"SearchAction\",\"target\":{\"@type\":\"EntryPoint\",\"urlTemplate\":\"https:\\\/\\\/cpamapc.org\\\/fr\\\/?s={search_term_string}\"},\"query-input\":{\"@type\":\"PropertyValueSpecification\",\"valueRequired\":true,\"valueName\":\"search_term_string\"}}],\"inLanguage\":\"fr-FR\"}]}<\/script>\n<!-- \/ Yoast SEO plugin. -->","yoast_head_json":{"title":"Politique de confidentialit\u00e9 - Montreal Assault Prevention Centre","robots":{"index":"index","follow":"follow","max-snippet":"max-snippet:-1","max-image-preview":"max-image-preview:large","max-video-preview":"max-video-preview:-1"},"canonical":"https:\/\/cpamapc.org\/fr\/politique-de-confidentialite\/","og_locale":"fr_FR","og_type":"article","og_title":"Politique de confidentialit\u00e9 - Montreal Assault Prevention Centre","og_url":"https:\/\/cpamapc.org\/fr\/politique-de-confidentialite\/","og_site_name":"Montreal Assault Prevention Centre","article_modified_time":"2026-04-26T12:31:32+00:00","twitter_card":"summary_large_image","twitter_misc":{"Dur\u00e9e de lecture estim\u00e9e":"1 minute"},"schema":{"@context":"https:\/\/schema.org","@graph":[{"@type":"WebPage","@id":"https:\/\/cpamapc.org\/fr\/politique-de-confidentialite\/","url":"https:\/\/cpamapc.org\/fr\/politique-de-confidentialite\/","name":"Politique de confidentialit\u00e9 - Montreal Assault Prevention Centre","isPartOf":{"@id":"https:\/\/cpamapc.org\/fr\/#website"},"datePublished":"2026-04-26T11:28:22+00:00","dateModified":"2026-04-26T12:31:32+00:00","breadcrumb":{"@id":"https:\/\/cpamapc.org\/fr\/politique-de-confidentialite\/#breadcrumb"},"inLanguage":"fr-FR","potentialAction":[{"@type":"ReadAction","target":["https:\/\/cpamapc.org\/fr\/politique-de-confidentialite\/"]}]},{"@type":"BreadcrumbList","@id":"https:\/\/cpamapc.org\/fr\/politique-de-confidentialite\/#breadcrumb","itemListElement":[{"@type":"ListItem","position":1,"name":"Home","item":"https:\/\/cpamapc.org\/fr\/"},{"@type":"ListItem","position":2,"name":"Politique de confidentialit\u00e9"}]},{"@type":"WebSite","@id":"https:\/\/cpamapc.org\/fr\/#website","url":"https:\/\/cpamapc.org\/fr\/","name":"Montreal Assault Prevention Centre","description":"Assault prevention","potentialAction":[{"@type":"SearchAction","target":{"@type":"EntryPoint","urlTemplate":"https:\/\/cpamapc.org\/fr\/?s={search_term_string}"},"query-input":{"@type":"PropertyValueSpecification","valueRequired":true,"valueName":"search_term_string"}}],"inLanguage":"fr-FR"}]}},"jetpack_sharing_enabled":true,"_links":{"self":[{"href":"https:\/\/cpamapc.org\/fr\/wp-json\/wp\/v2\/pages\/4347","targetHints":{"allow":["GET"]}}],"collection":[{"href":"https:\/\/cpamapc.org\/fr\/wp-json\/wp\/v2\/pages"}],"about":[{"href":"https:\/\/cpamapc.org\/fr\/wp-json\/wp\/v2\/types\/page"}],"author":[{"embeddable":true,"href":"https:\/\/cpamapc.org\/fr\/wp-json\/wp\/v2\/users\/6"}],"replies":[{"embeddable":true,"href":"https:\/\/cpamapc.org\/fr\/wp-json\/wp\/v2\/comments?post=4347"}],"version-history":[{"count":4,"href":"https:\/\/cpamapc.org\/fr\/wp-json\/wp\/v2\/pages\/4347\/revisions"}],"predecessor-version":[{"id":4356,"href":"https:\/\/cpamapc.org\/fr\/wp-json\/wp\/v2\/pages\/4347\/revisions\/4356"}],"wp:attachment":[{"href":"https:\/\/cpamapc.org\/fr\/wp-json\/wp\/v2\/media?parent=4347"}],"curies":[{"name":"wp","href":"https:\/\/api.w.org\/{rel}","templated":true}]}}