{"id":4250,"date":"2026-04-21T14:09:40","date_gmt":"2026-04-21T18:09:40","guid":{"rendered":"https:\/\/cpamapc.org\/?page_id=4250"},"modified":"2026-04-21T14:09:40","modified_gmt":"2026-04-21T18:09:40","slug":"semaine-des-victimes-2026","status":"publish","type":"page","link":"https:\/\/cpamapc.org\/fr\/semaine-des-victimes-2026\/","title":{"rendered":"Semaine des victimes et survivant\u00b7e\u00b7s d&rsquo;actes criminels 2026 &#8211; L&rsquo;autod\u00e9fense en milieu festif"},"content":{"rendered":"<div class=\"fusion-fullwidth fullwidth-box fusion-builder-row-1 fusion-flex-container has-pattern-background has-mask-background nonhundred-percent-fullwidth non-hundred-percent-height-scrolling\" style=\"--awb-border-radius-top-left:0px;--awb-border-radius-top-right:0px;--awb-border-radius-bottom-right:0px;--awb-border-radius-bottom-left:0px;--awb-flex-wrap:wrap;\" ><div class=\"fusion-builder-row fusion-row fusion-flex-align-items-flex-start fusion-flex-content-wrap\" style=\"max-width:1144px;margin-left: calc(-4% \/ 2 );margin-right: calc(-4% \/ 2 );\"><div class=\"fusion-layout-column fusion_builder_column fusion-builder-column-0 fusion_builder_column_1_1 1_1 fusion-flex-column\" style=\"--awb-bg-size:cover;--awb-width-large:100%;--awb-margin-top-large:0px;--awb-spacing-right-large:1.92%;--awb-margin-bottom-large:20px;--awb-spacing-left-large:1.92%;--awb-width-medium:100%;--awb-order-medium:0;--awb-spacing-right-medium:1.92%;--awb-spacing-left-medium:1.92%;--awb-width-small:100%;--awb-order-small:0;--awb-spacing-right-small:1.92%;--awb-spacing-left-small:1.92%;\"><div class=\"fusion-column-wrapper fusion-column-has-shadow fusion-flex-justify-content-flex-start fusion-content-layout-column\"><div class=\"fusion-image-element \" style=\"text-align:center;--awb-caption-title-font-family:var(--h2_typography-font-family);--awb-caption-title-font-weight:var(--h2_typography-font-weight);--awb-caption-title-font-style:var(--h2_typography-font-style);--awb-caption-title-size:var(--h2_typography-font-size);--awb-caption-title-transform:var(--h2_typography-text-transform);--awb-caption-title-line-height:var(--h2_typography-line-height);--awb-caption-title-letter-spacing:var(--h2_typography-letter-spacing);\"><span class=\" fusion-imageframe imageframe-none imageframe-1 hover-type-none\"><img decoding=\"async\" width=\"1170\" height=\"347\" title=\"lotus-banniere-web-1170&#215;347-fr\" src=\"https:\/\/cpamapc.org\/wp-content\/uploads\/2026\/04\/lotus-banniere-web-1170x347-fr.jpg\" alt class=\"img-responsive wp-image-4252\" srcset=\"https:\/\/cpamapc.org\/wp-content\/uploads\/2026\/04\/lotus-banniere-web-1170x347-fr-200x59.jpg 200w, https:\/\/cpamapc.org\/wp-content\/uploads\/2026\/04\/lotus-banniere-web-1170x347-fr-400x119.jpg 400w, https:\/\/cpamapc.org\/wp-content\/uploads\/2026\/04\/lotus-banniere-web-1170x347-fr-600x178.jpg 600w, https:\/\/cpamapc.org\/wp-content\/uploads\/2026\/04\/lotus-banniere-web-1170x347-fr-800x237.jpg 800w, https:\/\/cpamapc.org\/wp-content\/uploads\/2026\/04\/lotus-banniere-web-1170x347-fr.jpg 1170w\" sizes=\"(max-width: 640px) 100vw, 1170px\" \/><\/span><\/div><div class=\"fusion-text fusion-text-1\" style=\"--awb-content-alignment:justify;\"><h2><strong>L&rsquo;autod\u00e9fense f\u00e9ministe en milieu festif<\/strong><\/h2>\n<p>La temp\u00e9rature monte, les journ\u00e9es s\u2019allongent: l&rsquo;\u00e9t\u00e9 approche ! La saison estivale marque le retour des festivals, des terrasses, la plage, la piscine et les pique-niques. Au Qu\u00e9bec, les occasions de profiter pleinement de la saison chaude, jour et nuit, ne manquent pas.<\/p>\n<h3>Risques li\u00e9s \u00e0 la f\u00eate : quand les agressions menacent la s\u00e9curit\u00e9<\/h3>\n<p>Les invitations \u00e0 passer un bon moment entre proches ou moins proches donnent envie de faire la f\u00eate. Cependant, le milieu festif comporte aussi des risques \u00e0 notre s\u00e9curit\u00e9 individuelle et collective. \u00a0Il y a, entre autres, le harc\u00e8lement, les attouchements, les caresses non consenties, les baisers impos\u00e9s, la soumission chimique, l\u2019isolement.<\/p>\n<p>Parfois, ces moments de plaisir deviennent des opportunit\u00e9s pour certains de prendre contr\u00f4le. Ils obligent autrui \u00e0 faire quelque chose sans leur consentement. Leurs paroles et gestes nuisent au bien-\u00eatre et au sentiment de s\u00e9curit\u00e9 des femmes et des filles. Elles deviennent vuln\u00e9rables aux violences sexuelles et sexistes.<\/p>\n<p>La peur d\u2019\u00eatre agress\u00e9e peut nous d\u00e9courager et limiter nos libert\u00e9s. On peut penser \u00e0 changer nos tenues et les lieux fr\u00e9quent\u00e9s, \u00e9viter des lieux ou des personnes, ou m\u00eame modifier l\u2019heure de nos sorties. Pourtant, la majorit\u00e9 des agressions commencent souvent avec quelqu\u2019un que l\u2019on conna\u00eet et en qui nous avons confiance. Elles peuvent arriver \u00e0 n&rsquo;importe quel moment de la journ\u00e9e.<\/p>\n<h3>L&rsquo;approche ACTION: pr\u00e9venir pour mieux profiter<\/h3>\n<p>Le programme\u00a0d\u2019autod\u00e9fense f\u00e9ministe\u00a0ACTION adopte une approche de pr\u00e9vention. Il propose des outils pour\u00a0reconna\u00eetre les situations d\u2019agressions. Il aide aussi \u00e0 poser nos limites et \u00e0 faire respecter notre droit \u00e0 notre s\u00e9curit\u00e9.<\/p>\n<p>Se d\u00e9fendre ne plombe pas l\u2019ambiance et ne signifie pas \u00eatre un<strong class=\"Yjhzub\" data-sfc-root=\"c\" data-sfc-cb=\"\">\u00b7<\/strong>e rabat-joie. Au contraire, c\u2019est assurer notre bien-\u00eatre et celui des autres.<\/p>\n<p>Nous avons toutes le droit de nous sentir en s\u00e9curit\u00e9, surtout lorsque l\u2019amusement, le divertissement et l\u2019insouciance sont au rendez-vous.<\/p>\n<h3>Une campagne de sensibilisation pour un \u00e9t\u00e9 en s\u00e9curit\u00e9<\/h3>\n<p>Dans le cadre de la Semaine nationale des victimes et survivant.es d\u2019actes criminels 2026, dont la th\u00e9matique est\u00a0\u00ab\u00a0le\u00a0pouvoir de la\u00a0collaboration \u00bb, le programme ACTION lance une campagne de sensibilisation de pr\u00e9vention en milieu festif.<\/p>\n<p>Du 11 au 16 mai\u00a02026,\u00a0nos\u00a0m\u00e9dias sociaux\u00a0proposeront\u00a0des\u00a0moyens\u00a0d\u2019action. Ces actions visent \u00e0 riposter, \u00e0 se prot\u00e9ger et \u00e0 contribuer \u00e0 des environnements sains et s\u00e9curitaires.<\/p>\n<p>Nous sommes toutes et tous garant.es d\u2019un bon temps partag\u00e9.<\/p>\n<p>ACTION en milieu festif: pr\u00e9venons, agissons, festoyons!<\/p>\n<\/div><div class=\"fusion-social-links fusion-social-links-1\" style=\"--awb-margin-top:0px;--awb-margin-right:0px;--awb-margin-bottom:0px;--awb-margin-left:0px;--awb-box-border-top:0px;--awb-box-border-right:0px;--awb-box-border-bottom:0px;--awb-box-border-left:0px;--awb-icon-colors-hover:var(--awb-color4);--awb-box-colors-hover:var(--awb-color1);--awb-box-border-color:var(--awb-color3);--awb-box-border-color-hover:var(--awb-color4);\"><div class=\"fusion-social-networks color-type-custom\"><div class=\"fusion-social-networks-wrapper\"><a class=\"fusion-social-network-icon fusion-tooltip fusion-facebook awb-icon-facebook\" style=\"color:#44d9e6;font-size:16px;\" data-placement=\"top\" data-title=\"Facebook\" data-toggle=\"tooltip\" title=\"Facebook\" aria-label=\"facebook\" target=\"_blank\" rel=\"noopener noreferrer\" href=\"https:\/\/www.facebook.com\/preventiondesagressionsmtl\"><\/a><a class=\"fusion-social-network-icon fusion-tooltip fusion-instagram awb-icon-instagram\" style=\"color:#44d9e6;font-size:16px;\" data-placement=\"top\" data-title=\"Instagram\" data-toggle=\"tooltip\" title=\"Instagram\" aria-label=\"instagram\" target=\"_blank\" rel=\"noopener noreferrer\" href=\"https:\/\/www.instagram.com\/cpam_mapc_mtl\/\"><\/a><a class=\"fusion-social-network-icon fusion-tooltip fusion-youtube awb-icon-youtube\" style=\"color:#44d9e6;font-size:16px;\" data-placement=\"top\" data-title=\"YouTube\" data-toggle=\"tooltip\" title=\"YouTube\" aria-label=\"youtube\" target=\"_blank\" rel=\"noopener noreferrer\" href=\"https:\/\/www.youtube.com\/@actionautodefense-feminist8393\"><\/a><\/div><\/div><\/div><div class=\"fusion-image-element \" style=\"text-align:center;--awb-caption-title-font-family:var(--h2_typography-font-family);--awb-caption-title-font-weight:var(--h2_typography-font-weight);--awb-caption-title-font-style:var(--h2_typography-font-style);--awb-caption-title-size:var(--h2_typography-font-size);--awb-caption-title-transform:var(--h2_typography-text-transform);--awb-caption-title-line-height:var(--h2_typography-line-height);--awb-caption-title-letter-spacing:var(--h2_typography-letter-spacing);\"><span class=\" fusion-imageframe imageframe-none imageframe-2 hover-type-none\"><img decoding=\"async\" width=\"917\" height=\"238\" title=\"logo action\" src=\"https:\/\/cpamapc.org\/wp-content\/uploads\/2026\/04\/logo-action-1-e1776195957574.png\" alt class=\"img-responsive wp-image-4266\" srcset=\"https:\/\/cpamapc.org\/wp-content\/uploads\/2026\/04\/logo-action-1-e1776195957574-200x52.png 200w, https:\/\/cpamapc.org\/wp-content\/uploads\/2026\/04\/logo-action-1-e1776195957574-400x104.png 400w, https:\/\/cpamapc.org\/wp-content\/uploads\/2026\/04\/logo-action-1-e1776195957574-600x156.png 600w, https:\/\/cpamapc.org\/wp-content\/uploads\/2026\/04\/logo-action-1-e1776195957574-800x208.png 800w, https:\/\/cpamapc.org\/wp-content\/uploads\/2026\/04\/logo-action-1-e1776195957574.png 917w\" sizes=\"(max-width: 640px) 100vw, 1200px\" \/><\/span><\/div><\/div><\/div><\/div><\/div>\n","protected":false},"excerpt":{"rendered":"","protected":false},"author":6,"featured_media":0,"parent":0,"menu_order":0,"comment_status":"closed","ping_status":"closed","template":"","meta":{"_EventAllDay":false,"_EventTimezone":"","_EventStartDate":"","_EventEndDate":"","_EventStartDateUTC":"","_EventEndDateUTC":"","_EventShowMap":false,"_EventShowMapLink":false,"_EventURL":"","_EventCost":"","_EventCostDescription":"","_EventCurrencySymbol":"","_EventCurrencyCode":"","_EventCurrencyPosition":"","_EventDateTimeSeparator":"","_EventTimeRangeSeparator":"","_EventOrganizerID":[],"_EventVenueID":[],"_OrganizerEmail":"","_OrganizerPhone":"","_OrganizerWebsite":"","_VenueAddress":"","_VenueCity":"","_VenueCountry":"","_VenueProvince":"","_VenueState":"","_VenueZip":"","_VenuePhone":"","_VenueURL":"","_VenueStateProvince":"","_VenueLat":"","_VenueLng":"","_VenueShowMap":false,"_VenueShowMapLink":false,"footnotes":""},"class_list":["post-4250","page","type-page","status-publish","hentry"],"yoast_head":"<!-- This site is optimized with the Yoast SEO plugin v27.4 - https:\/\/yoast.com\/product\/yoast-seo-wordpress\/ -->\n<title>Semaine des victimes et survivant\u00b7e\u00b7s d&#039;actes criminels 2026<\/title>\n<meta name=\"description\" content=\"Suivez notre campagne de sensibilisation en ligne pour pr\u00e9venir ou arr\u00eater des situations d&#039;agressions en milieu festif cet \u00e9t\u00e9!\" \/>\n<meta name=\"robots\" content=\"index, follow, max-snippet:-1, max-image-preview:large, max-video-preview:-1\" \/>\n<link rel=\"canonical\" href=\"https:\/\/cpamapc.org\/fr\/semaine-des-victimes-2026\/\" \/>\n<meta property=\"og:locale\" content=\"fr_FR\" \/>\n<meta property=\"og:type\" content=\"article\" \/>\n<meta property=\"og:title\" content=\"Semaine des victimes et survivant\u00b7e\u00b7s d&#039;actes criminels 2026\" \/>\n<meta property=\"og:description\" content=\"Suivez notre campagne de sensibilisation en ligne pour pr\u00e9venir ou arr\u00eater des situations d&#039;agressions en milieu festif cet \u00e9t\u00e9!\" \/>\n<meta property=\"og:url\" content=\"https:\/\/cpamapc.org\/fr\/semaine-des-victimes-2026\/\" \/>\n<meta property=\"og:site_name\" content=\"Montreal Assault Prevention Centre\" \/>\n<meta name=\"twitter:card\" content=\"summary_large_image\" \/>\n<meta name=\"twitter:label1\" content=\"Dur\u00e9e de lecture estim\u00e9e\" \/>\n\t<meta name=\"twitter:data1\" content=\"3 minutes\" \/>\n<script type=\"application\/ld+json\" class=\"yoast-schema-graph\">{\"@context\":\"https:\\\/\\\/schema.org\",\"@graph\":[{\"@type\":\"WebPage\",\"@id\":\"https:\\\/\\\/cpamapc.org\\\/fr\\\/semaine-des-victimes-2026\\\/\",\"url\":\"https:\\\/\\\/cpamapc.org\\\/fr\\\/semaine-des-victimes-2026\\\/\",\"name\":\"Semaine des victimes et survivant\u00b7e\u00b7s d'actes criminels 2026\",\"isPartOf\":{\"@id\":\"https:\\\/\\\/cpamapc.org\\\/fr\\\/#website\"},\"datePublished\":\"2026-04-21T18:09:40+00:00\",\"description\":\"Suivez notre campagne de sensibilisation en ligne pour pr\u00e9venir ou arr\u00eater des situations d'agressions en milieu festif cet \u00e9t\u00e9!\",\"breadcrumb\":{\"@id\":\"https:\\\/\\\/cpamapc.org\\\/fr\\\/semaine-des-victimes-2026\\\/#breadcrumb\"},\"inLanguage\":\"fr-FR\",\"potentialAction\":[{\"@type\":\"ReadAction\",\"target\":[\"https:\\\/\\\/cpamapc.org\\\/fr\\\/semaine-des-victimes-2026\\\/\"]}]},{\"@type\":\"BreadcrumbList\",\"@id\":\"https:\\\/\\\/cpamapc.org\\\/fr\\\/semaine-des-victimes-2026\\\/#breadcrumb\",\"itemListElement\":[{\"@type\":\"ListItem\",\"position\":1,\"name\":\"Home\",\"item\":\"https:\\\/\\\/cpamapc.org\\\/fr\\\/\"},{\"@type\":\"ListItem\",\"position\":2,\"name\":\"Semaine des victimes et survivant\u00b7e\u00b7s d&rsquo;actes criminels 2026 &#8211; L&rsquo;autod\u00e9fense en milieu festif\"}]},{\"@type\":\"WebSite\",\"@id\":\"https:\\\/\\\/cpamapc.org\\\/fr\\\/#website\",\"url\":\"https:\\\/\\\/cpamapc.org\\\/fr\\\/\",\"name\":\"Montreal Assault Prevention Centre\",\"description\":\"Assault prevention\",\"potentialAction\":[{\"@type\":\"SearchAction\",\"target\":{\"@type\":\"EntryPoint\",\"urlTemplate\":\"https:\\\/\\\/cpamapc.org\\\/fr\\\/?s={search_term_string}\"},\"query-input\":{\"@type\":\"PropertyValueSpecification\",\"valueRequired\":true,\"valueName\":\"search_term_string\"}}],\"inLanguage\":\"fr-FR\"}]}<\/script>\n<!-- \/ Yoast SEO plugin. -->","yoast_head_json":{"title":"Semaine des victimes et survivant\u00b7e\u00b7s d'actes criminels 2026","description":"Suivez notre campagne de sensibilisation en ligne pour pr\u00e9venir ou arr\u00eater des situations d'agressions en milieu festif cet \u00e9t\u00e9!","robots":{"index":"index","follow":"follow","max-snippet":"max-snippet:-1","max-image-preview":"max-image-preview:large","max-video-preview":"max-video-preview:-1"},"canonical":"https:\/\/cpamapc.org\/fr\/semaine-des-victimes-2026\/","og_locale":"fr_FR","og_type":"article","og_title":"Semaine des victimes et survivant\u00b7e\u00b7s d'actes criminels 2026","og_description":"Suivez notre campagne de sensibilisation en ligne pour pr\u00e9venir ou arr\u00eater des situations d'agressions en milieu festif cet \u00e9t\u00e9!","og_url":"https:\/\/cpamapc.org\/fr\/semaine-des-victimes-2026\/","og_site_name":"Montreal Assault Prevention Centre","twitter_card":"summary_large_image","twitter_misc":{"Dur\u00e9e de lecture estim\u00e9e":"3 minutes"},"schema":{"@context":"https:\/\/schema.org","@graph":[{"@type":"WebPage","@id":"https:\/\/cpamapc.org\/fr\/semaine-des-victimes-2026\/","url":"https:\/\/cpamapc.org\/fr\/semaine-des-victimes-2026\/","name":"Semaine des victimes et survivant\u00b7e\u00b7s d'actes criminels 2026","isPartOf":{"@id":"https:\/\/cpamapc.org\/fr\/#website"},"datePublished":"2026-04-21T18:09:40+00:00","description":"Suivez notre campagne de sensibilisation en ligne pour pr\u00e9venir ou arr\u00eater des situations d'agressions en milieu festif cet \u00e9t\u00e9!","breadcrumb":{"@id":"https:\/\/cpamapc.org\/fr\/semaine-des-victimes-2026\/#breadcrumb"},"inLanguage":"fr-FR","potentialAction":[{"@type":"ReadAction","target":["https:\/\/cpamapc.org\/fr\/semaine-des-victimes-2026\/"]}]},{"@type":"BreadcrumbList","@id":"https:\/\/cpamapc.org\/fr\/semaine-des-victimes-2026\/#breadcrumb","itemListElement":[{"@type":"ListItem","position":1,"name":"Home","item":"https:\/\/cpamapc.org\/fr\/"},{"@type":"ListItem","position":2,"name":"Semaine des victimes et survivant\u00b7e\u00b7s d&rsquo;actes criminels 2026 &#8211; L&rsquo;autod\u00e9fense en milieu festif"}]},{"@type":"WebSite","@id":"https:\/\/cpamapc.org\/fr\/#website","url":"https:\/\/cpamapc.org\/fr\/","name":"Montreal Assault Prevention Centre","description":"Assault prevention","potentialAction":[{"@type":"SearchAction","target":{"@type":"EntryPoint","urlTemplate":"https:\/\/cpamapc.org\/fr\/?s={search_term_string}"},"query-input":{"@type":"PropertyValueSpecification","valueRequired":true,"valueName":"search_term_string"}}],"inLanguage":"fr-FR"}]}},"jetpack_sharing_enabled":true,"_links":{"self":[{"href":"https:\/\/cpamapc.org\/fr\/wp-json\/wp\/v2\/pages\/4250","targetHints":{"allow":["GET"]}}],"collection":[{"href":"https:\/\/cpamapc.org\/fr\/wp-json\/wp\/v2\/pages"}],"about":[{"href":"https:\/\/cpamapc.org\/fr\/wp-json\/wp\/v2\/types\/page"}],"author":[{"embeddable":true,"href":"https:\/\/cpamapc.org\/fr\/wp-json\/wp\/v2\/users\/6"}],"replies":[{"embeddable":true,"href":"https:\/\/cpamapc.org\/fr\/wp-json\/wp\/v2\/comments?post=4250"}],"version-history":[{"count":23,"href":"https:\/\/cpamapc.org\/fr\/wp-json\/wp\/v2\/pages\/4250\/revisions"}],"predecessor-version":[{"id":4286,"href":"https:\/\/cpamapc.org\/fr\/wp-json\/wp\/v2\/pages\/4250\/revisions\/4286"}],"wp:attachment":[{"href":"https:\/\/cpamapc.org\/fr\/wp-json\/wp\/v2\/media?parent=4250"}],"curies":[{"name":"wp","href":"https:\/\/api.w.org\/{rel}","templated":true}]}}