{"id":3022,"date":"2022-08-11T16:08:29","date_gmt":"2022-08-11T20:08:29","guid":{"rendered":"http:\/\/le7.ca\/?page_id=3022"},"modified":"2023-07-27T14:01:50","modified_gmt":"2023-07-27T18:01:50","slug":"donate","status":"publish","type":"page","link":"https:\/\/cpamapc.org\/fr\/donate\/","title":{"rendered":"Faire un don"},"content":{"rendered":"<p><div class=\"fusion-fullwidth fullwidth-box fusion-builder-row-1 fusion-flex-container has-pattern-background has-mask-background fusion-parallax-none hundred-percent-fullwidth non-hundred-percent-height-scrolling\" style=\"--awb-border-radius-top-left:0px;--awb-border-radius-top-right:0px;--awb-border-radius-bottom-right:0px;--awb-border-radius-bottom-left:0px;--awb-min-height:430px;--awb-background-color:rgba(232,232,232,0);--awb-background-image:url(&quot;https:\/\/cpamapc.org\/wp-content\/uploads\/2022\/08\/Blue-Background-Illustration-01-2.png&quot;);--awb-background-size:cover;--awb-flex-wrap:wrap;\" ><div class=\"fusion-builder-row fusion-row fusion-flex-align-items-flex-start fusion-flex-content-wrap\" style=\"width:104% !important;max-width:104% !important;margin-left: calc(-4% \/ 2 );margin-right: calc(-4% \/ 2 );\"><div class=\"fusion-layout-column fusion_builder_column fusion-builder-column-0 fusion_builder_column_1_1 1_1 fusion-flex-column fusion-flex-align-self-center\" style=\"--awb-padding-top:20px;--awb-bg-size:cover;--awb-width-large:100%;--awb-margin-top-large:0px;--awb-spacing-right-large:1.92%;--awb-margin-bottom-large:20px;--awb-spacing-left-large:1.92%;--awb-width-medium:100%;--awb-order-medium:0;--awb-spacing-right-medium:1.92%;--awb-spacing-left-medium:1.92%;--awb-width-small:100%;--awb-order-small:0;--awb-spacing-right-small:1.92%;--awb-spacing-left-small:1.92%;\"><div class=\"fusion-column-wrapper fusion-column-has-shadow fusion-flex-justify-content-flex-start fusion-content-layout-column\"><div class=\"fusion-title title fusion-title-1 fusion-sep-none fusion-title-center fusion-title-text fusion-title-size-one\" style=\"--awb-text-color:#00adcc;\"><h1 class=\"fusion-title-heading title-heading-center fusion-responsive-typography-calculated\" style=\"margin:0;letter-spacing:-2px;--fontSize:60;line-height:1;\">NOUS AVONS BESOIN DE VOTRE AIDE<\/h1><\/div><\/div><\/div><\/div><\/div><div class=\"fusion-fullwidth fullwidth-box fusion-builder-row-2 fusion-flex-container nonhundred-percent-fullwidth non-hundred-percent-height-scrolling\" style=\"--link_hover_color: #65bc7b;--link_color: #212934;--awb-background-position:left bottom;--awb-border-sizes-top:0px;--awb-border-sizes-bottom:0px;--awb-border-sizes-left:0px;--awb-border-sizes-right:0px;--awb-border-color:#e2e2e2;--awb-border-radius-top-left:0px;--awb-border-radius-top-right:0px;--awb-border-radius-bottom-right:0px;--awb-border-radius-bottom-left:0px;--awb-padding-top:77.957px;--awb-padding-right:30px;--awb-padding-bottom:137.977px;--awb-padding-left:30px;--awb-padding-top-medium:50.949200000000005px;--awb-padding-bottom-medium:13px;--awb-padding-right-small:30px;--awb-padding-left-small:30px;--awb-margin-top:0px;--awb-margin-bottom:0px;--awb-margin-bottom-medium:0px;--awb-margin-bottom-small:0px;--awb-background-color:var(--awb-custom10);--awb-flex-wrap:wrap;\" ><div class=\"fusion-builder-row fusion-row fusion-flex-align-items-stretch fusion-flex-content-wrap\" style=\"max-width:1144px;margin-left: calc(-4% \/ 2 );margin-right: calc(-4% \/ 2 );\"><div class=\"fusion-layout-column fusion_builder_column fusion-builder-column-1 fusion_builder_column_1_1 1_1 fusion-flex-column fusion-flex-align-self-center fusion-animated\" style=\"--awb-bg-size:cover;--awb-width-large:100%;--awb-margin-top-large:0px;--awb-spacing-right-large:1.92%;--awb-margin-bottom-large:20px;--awb-spacing-left-large:1.92%;--awb-width-medium:100%;--awb-order-medium:0;--awb-spacing-right-medium:1.92%;--awb-margin-bottom-medium:70px;--awb-spacing-left-medium:1.92%;--awb-width-small:100%;--awb-order-small:0;--awb-spacing-right-small:1.92%;--awb-margin-bottom-small:60px;--awb-spacing-left-small:1.92%;\" data-animationType=\"fadeInUp\" data-animationDuration=\"1.3\" data-animationOffset=\"top-into-view\"><div class=\"fusion-column-wrapper fusion-column-has-shadow fusion-flex-justify-content-flex-start fusion-content-layout-column\"><i class=\"fb-icon-element-1 fb-icon-element fontawesome-icon fa-hand-holding-medical fas circle-yes icon-hover-animation-pulsate\" style=\"--awb-iconcolor:var(--awb-color3);--awb-iconcolor-hover:var(--awb-color3);--awb-circlecolor:var(--awb-color1);--awb-circlecolor-hover:var(--awb-color1);--awb-circlebordercolor:rgba(8,112,253,0);--awb-circlebordercolor-hover:rgba(255,255,255,0.02);--awb-circlebordersize:6px;--awb-font-size:44px;--awb-width:96px;--awb-height:96px;--awb-line-height:84px;--awb-align-self:center;--awb-margin-top:0px;--awb-margin-right:0px;--awb-margin-bottom:40px;--awb-margin-left:0px;\"><\/i><div class=\"fusion-text fusion-text-1\" style=\"--awb-content-alignment:center;--awb-font-size:18px;--awb-line-height:32px;--awb-letter-spacing:-0.01rem;--awb-text-color:#000000;\"><p>Votre soutien nous permet d&rsquo;offrir des ateliers de pr\u00e9vention des agressions de qualit\u00e9 aux membres les plus vuln\u00e9rables de notre soci\u00e9t\u00e9.<\/p>\n<p>Le Centre est une organisation \u00e0 but non lucratif et un organisme de bienfaisance enregistr\u00e9 depuis 1984.<\/p>\n<p>Le Centre offre une gamme de programmes de pr\u00e9vention des agressions con\u00e7us pour des groupes particuli\u00e8rement vuln\u00e9rables tels que les enfants, les adolescents, les femmes de tous \u00e2ges et les personnes ayant des limitations fonctionnelles physiques et\/ou intellectuelles.<\/p>\n<p>Les programmes du Centre sont ax\u00e9s sur le d\u00e9veloppement et le renforcement des capacit\u00e9s et des ressources pour aider les participants \u00e0 faire face \u00e0 des situations difficiles et dangereuses.<\/p>\n<\/div><div style=\"text-align:center;\"><a class=\"fusion-button button-flat fusion-button-default-size button-default fusion-button-default button-1 fusion-button-default-span fusion-button-default-type\" style=\"--button_margin-top:5%;\" target=\"_self\" href=\"https:\/\/www.canadahelps.org\/en\/charities\/montreal-assault-prevention-centre\/\"><span class=\"fusion-button-text awb-button__text awb-button__text--default\">Faire un don<\/span><\/a><\/div><\/div><\/div><\/div><\/div><div class=\"fusion-fullwidth fullwidth-box fusion-builder-row-3 fusion-flex-container nonhundred-percent-fullwidth non-hundred-percent-height-scrolling\" style=\"--awb-border-radius-top-left:0px;--awb-border-radius-top-right:0px;--awb-border-radius-bottom-right:0px;--awb-border-radius-bottom-left:0px;--awb-margin-top:0px;--awb-margin-bottom:0px;--awb-background-color:var(--awb-color3);--awb-flex-wrap:wrap;\" ><div class=\"fusion-builder-row fusion-row fusion-flex-align-items-flex-start fusion-flex-content-wrap\" style=\"max-width:1144px;margin-left: calc(-4% \/ 2 );margin-right: calc(-4% \/ 2 );\"><div class=\"fusion-layout-column fusion_builder_column fusion-builder-column-2 fusion_builder_column_1_1 1_1 fusion-flex-column\" style=\"--awb-padding-top:54px;--awb-bg-size:cover;--awb-width-large:100%;--awb-margin-top-large:0px;--awb-spacing-right-large:1.92%;--awb-margin-bottom-large:0px;--awb-spacing-left-large:1.92%;--awb-width-medium:100%;--awb-order-medium:0;--awb-spacing-right-medium:1.92%;--awb-spacing-left-medium:1.92%;--awb-width-small:100%;--awb-order-small:0;--awb-spacing-right-small:1.92%;--awb-spacing-left-small:1.92%;\"><div class=\"fusion-column-wrapper fusion-column-has-shadow fusion-flex-justify-content-flex-start fusion-content-layout-column\"><div class=\"fusion-text fusion-text-2\" style=\"--awb-text-color:var(--awb-color1);\"><p>POURQUOI FAIRE UN DON<\/p>\n<\/div><\/div><\/div><\/div><\/div><div class=\"fusion-fullwidth fullwidth-box fusion-builder-row-4 fusion-flex-container nonhundred-percent-fullwidth non-hundred-percent-height-scrolling\" style=\"--awb-border-radius-top-left:0px;--awb-border-radius-top-right:0px;--awb-border-radius-bottom-right:0px;--awb-border-radius-bottom-left:0px;--awb-padding-top:95px;--awb-padding-bottom:18px;--awb-padding-right-medium:100px;--awb-padding-left-medium:100px;--awb-padding-right-small:30px;--awb-padding-left-small:30px;--awb-background-color:var(--awb-color1);--awb-flex-wrap:wrap;\" ><div class=\"fusion-builder-row fusion-row fusion-flex-align-items-flex-start fusion-flex-content-wrap\" style=\"max-width:1144px;margin-left: calc(-4% \/ 2 );margin-right: calc(-4% \/ 2 );\"><div class=\"fusion-layout-column fusion_builder_column fusion-builder-column-3 fusion_builder_column_1_2 1_2 fusion-flex-column\" style=\"--awb-bg-size:cover;--awb-width-large:50%;--awb-margin-top-large:0px;--awb-spacing-right-large:3.84%;--awb-margin-bottom-large:20px;--awb-spacing-left-large:3.84%;--awb-width-medium:50%;--awb-order-medium:0;--awb-spacing-right-medium:3.84%;--awb-spacing-left-medium:3.84%;--awb-width-small:100%;--awb-order-small:0;--awb-spacing-right-small:0%;--awb-margin-bottom-small:45.9941px;--awb-spacing-left-small:0%;\"><div class=\"fusion-column-wrapper fusion-column-has-shadow fusion-flex-justify-content-flex-start fusion-content-layout-column\"><div class=\"fusion-text fusion-text-3\" style=\"--awb-line-height:1.5em;\"><p>VOTRE DON FAIT LA DIFF\u00c9RENCE<\/p>\n<p>Votre soutien nous permet d&rsquo;offrir des ateliers de pr\u00e9vention des agressions de qualit\u00e9 aux membres les plus vuln\u00e9rables de notre soci\u00e9t\u00e9. Le Centre de pr\u00e9vention des agressions de Montr\u00e9al offre ses services directement \u00e0 plus de 3 500 personnes, chaque ann\u00e9e. Beaucoup d&rsquo;autres re\u00e7oivent de l&rsquo;aide indirectement ou ont acc\u00e8s aux ressources offertes par notre bureau.<\/p>\n<p>Chaque don a un impact important :<\/p>\n<p>15 $ permettent \u00e0 un enfant de recevoir le Programme de pr\u00e9vention des agressions contre les enfants (ESPACE)<br \/>\n45 $ permettent \u00e0 une adolescente de suivre un cours d&rsquo;auto-d\u00e9fense (ACTION)<br \/>\n75 $ permettent \u00e0 une femme de suivre un cours d&rsquo;autod\u00e9fense (ACTION)<br \/>\n150 $ un atelier de pr\u00e9vention des agressions pour un groupe de personnes ayant une d\u00e9ficience intellectuelle<br \/>\n300 $ CAP pour une classe d&rsquo;enfants d&rsquo;une \u00e9cole d&rsquo;un quartier d\u00e9favoris\u00e9<br \/>\n650 $ pour un cours (ACTION) pour des femmes dans un refuge<\/p>\n<p>Votre adh\u00e9sion comporte \u00e9galement des privil\u00e8ges :<\/p>\n<\/div><ul style=\"--awb-iconcolor:var(--awb-color3);--awb-textcolor:var(--awb-color4);--awb-line-height:27.2px;--awb-icon-width:27.2px;--awb-icon-height:27.2px;--awb-icon-margin:11.2px;--awb-content-margin:38.4px;\" class=\"fusion-checklist fusion-checklist-1 fusion-checklist-default type-icons\"><li class=\"fusion-li-item\" style=\"\"><span class=\"icon-wrapper circle-no\"><i class=\"fusion-li-icon awb-icon-check\" aria-hidden=\"true\"><\/i><\/span><div class=\"fusion-li-item-content\">\n<p>Vous recevrez notre info-lettre deux fois par ann\u00e9e<\/p>\n<\/div><\/li><li class=\"fusion-li-item\" style=\"\"><span class=\"icon-wrapper circle-no\"><i class=\"fusion-li-icon awb-icon-check\" aria-hidden=\"true\"><\/i><\/span><div class=\"fusion-li-item-content\">\n<p>Vous recevrez un re\u00e7u pour votre d\u00e9claration d&rsquo;imp\u00f4ts<\/p>\n<\/div><\/li><li class=\"fusion-li-item\" style=\"\"><span class=\"icon-wrapper circle-no\"><i class=\"fusion-li-icon awb-icon-check\" aria-hidden=\"true\"><\/i><\/span><div class=\"fusion-li-item-content\">\n<p>Une mention sur notre site pour tout don de 150$ ou plus, si vous le souhaitez<\/p>\n<\/div><\/li><li class=\"fusion-li-item\" style=\"\"><span class=\"icon-wrapper circle-no\"><i class=\"fusion-li-icon awb-icon-check\" aria-hidden=\"true\"><\/i><\/span><div class=\"fusion-li-item-content\">\n<p>Une invitation \u00e0 l&rsquo;assembl\u00e9e g\u00e9n\u00e9rale du Centre<\/p>\n<\/div><\/li><\/ul><\/div><\/div><div class=\"fusion-layout-column fusion_builder_column fusion-builder-column-4 fusion_builder_column_1_2 1_2 fusion-flex-column\" style=\"--awb-bg-size:cover;--awb-width-large:50%;--awb-margin-top-large:0px;--awb-spacing-right-large:3.84%;--awb-margin-bottom-large:20px;--awb-spacing-left-large:3.84%;--awb-width-medium:50%;--awb-order-medium:0;--awb-spacing-right-medium:3.84%;--awb-spacing-left-medium:3.84%;--awb-width-small:100%;--awb-order-small:0;--awb-spacing-right-small:0%;--awb-margin-bottom-small:0px;--awb-spacing-left-small:0%;\"><div class=\"fusion-column-wrapper fusion-column-has-shadow fusion-flex-justify-content-flex-start fusion-content-layout-column\"><div class=\"fusion-text fusion-text-4\"><p>SOUTIEN<\/p>\n<p>Nous remercions tous nos donateurs pour leur g\u00e9n\u00e9rosit\u00e9.<\/p>\n<p>SOUTIEN DU GOUVERNEMENT<\/p>\n<\/div><div class=\"fusion-separator fusion-full-width-sep\" style=\"align-self: center;margin-left: auto;margin-right: auto;width:100%;\"><div class=\"fusion-separator-border sep-single\" style=\"--awb-height:20px;--awb-amount:20px;border-color:var(--awb-color3);border-top-width:1px;\"><\/div><\/div><div class=\"fusion-text fusion-text-5\" style=\"--awb-line-height:1.5em;\"><ul>\n<li>Minist\u00e8re de la sant\u00e9 et des services sociaux<\/li>\n<li>Minist\u00e8re de la Justice Canada &#8211; Semaine des victimes et des survivants d&rsquo;actes criminels<\/li>\n<li>Ville de Montr\u00e9al<\/li>\n<\/ul>\n<\/div><div class=\"fusion-text fusion-text-6\"><p>FONDATIONS<\/p>\n<\/div><div class=\"fusion-separator fusion-full-width-sep\" style=\"align-self: center;margin-left: auto;margin-right: auto;width:100%;\"><div class=\"fusion-separator-border sep-single\" style=\"--awb-height:20px;--awb-amount:20px;border-color:var(--awb-color3);border-top-width:1px;\"><\/div><\/div><div class=\"fusion-text fusion-text-7\" style=\"--awb-line-height:1.5em;\"><ul>\n<li>Fondation de la famille Bronfman<\/li>\n<li>Fonds PayPal giving Canada<\/li>\n<li>R\u00e9seau d&rsquo;action des femmes en sante et services sociaux (RAFSSS)<\/li>\n<li>L\u2019Association \u00e9tudiante de psychologie et sociologie de l\u2019Universit\u00e9 de Montr\u00e9al (AEPSUM)<\/li>\n<\/ul>\n<\/div><div class=\"fusion-text fusion-text-8\"><p>INDIVIDUS<\/p>\n<\/div><div class=\"fusion-separator fusion-full-width-sep\" style=\"align-self: center;margin-left: auto;margin-right: auto;width:100%;\"><div class=\"fusion-separator-border sep-single\" style=\"--awb-height:20px;--awb-amount:20px;border-color:var(--awb-color3);border-top-width:1px;\"><\/div><\/div><div class=\"fusion-text fusion-text-9\" style=\"--awb-line-height:1.5em;\"><ul>\n<li>Peter Caines<\/li>\n<li>Rita Carri\u00e8re<\/li>\n<li>Dr. Jean-Yves Frappier<\/li>\n<li>Jacques Nolin<\/li>\n<\/ul>\n<\/div><\/div><\/div><\/div><\/div><div class=\"fusion-fullwidth fullwidth-box fusion-builder-row-5 fusion-flex-container nonhundred-percent-fullwidth non-hundred-percent-height-scrolling\" style=\"--awb-border-radius-top-left:0px;--awb-border-radius-top-right:0px;--awb-border-radius-bottom-right:0px;--awb-border-radius-bottom-left:0px;--awb-padding-top:53.9883px;--awb-padding-bottom:99.99219px;--awb-padding-right-medium:70px;--awb-padding-bottom-medium:77.9902px;--awb-padding-left-medium:70px;--awb-background-color:var(--awb-color1);--awb-flex-wrap:wrap;\" ><div class=\"fusion-builder-row fusion-row fusion-flex-align-items-flex-start fusion-flex-content-wrap\" style=\"max-width:1144px;margin-left: calc(-4% \/ 2 );margin-right: calc(-4% \/ 2 );\"><div class=\"fusion-layout-column fusion_builder_column fusion-builder-column-5 fusion_builder_column_1_1 1_1 fusion-flex-column\" style=\"--awb-bg-size:cover;--awb-width-large:100%;--awb-margin-top-large:0px;--awb-spacing-right-large:1.92%;--awb-margin-bottom-large:20px;--awb-spacing-left-large:1.92%;--awb-width-medium:100%;--awb-order-medium:0;--awb-spacing-right-medium:1.92%;--awb-spacing-left-medium:1.92%;--awb-width-small:100%;--awb-order-small:0;--awb-spacing-right-small:1.92%;--awb-spacing-left-small:1.92%;\"><div class=\"fusion-column-wrapper fusion-column-has-shadow fusion-flex-justify-content-flex-start fusion-content-layout-column\"><div class=\"fusion-text fusion-text-10\"><p style=\"text-align: center;\">Depuis 1984, le Centre de pr\u00e9vention des agressions de Montr\u00e9al a pr\u00e9sent\u00e9 ses ateliers \u00e0 plus de 140 000 personnes.<\/p>\n<\/div><div class=\"fusion-text fusion-text-11\"><p style=\"text-align: center;\">Num\u00e9ro d&rsquo;enregistrement d&rsquo;organisme de bienfaisance canadien :<br \/>\n896482536 RR 0001<\/p>\n<\/div><\/div><\/div><\/div><\/div><\/p>\n","protected":false},"excerpt":{"rendered":"","protected":false},"author":5,"featured_media":0,"parent":0,"menu_order":0,"comment_status":"closed","ping_status":"closed","template":"100-width.php","meta":{"_EventAllDay":false,"_EventTimezone":"","_EventStartDate":"","_EventEndDate":"","_EventStartDateUTC":"","_EventEndDateUTC":"","_EventShowMap":false,"_EventShowMapLink":false,"_EventURL":"","_EventCost":"","_EventCostDescription":"","_EventCurrencySymbol":"","_EventCurrencyCode":"","_EventCurrencyPosition":"","_EventDateTimeSeparator":"","_EventTimeRangeSeparator":"","_EventOrganizerID":[],"_EventVenueID":[],"_OrganizerEmail":"","_OrganizerPhone":"","_OrganizerWebsite":"","_VenueAddress":"","_VenueCity":"","_VenueCountry":"","_VenueProvince":"","_VenueState":"","_VenueZip":"","_VenuePhone":"","_VenueURL":"","_VenueStateProvince":"","_VenueLat":"","_VenueLng":"","_VenueShowMap":false,"_VenueShowMapLink":false,"footnotes":""},"class_list":["post-3022","page","type-page","status-publish","hentry"],"yoast_head":"<!-- This site is optimized with the Yoast SEO plugin v25.0 - https:\/\/yoast.com\/wordpress\/plugins\/seo\/ -->\n<title>Faire un don - Montreal Assault Prevention Centre<\/title>\n<meta name=\"robots\" content=\"index, follow, max-snippet:-1, max-image-preview:large, max-video-preview:-1\" \/>\n<link rel=\"canonical\" href=\"https:\/\/cpamapc.org\/fr\/donate\/\" \/>\n<meta property=\"og:locale\" content=\"fr_FR\" \/>\n<meta property=\"og:type\" content=\"article\" \/>\n<meta property=\"og:title\" content=\"Faire un don - Montreal Assault Prevention Centre\" \/>\n<meta property=\"og:url\" content=\"https:\/\/cpamapc.org\/fr\/donate\/\" \/>\n<meta property=\"og:site_name\" content=\"Montreal Assault Prevention Centre\" \/>\n<meta property=\"article:modified_time\" content=\"2023-07-27T18:01:50+00:00\" \/>\n<meta name=\"twitter:card\" content=\"summary_large_image\" \/>\n<meta name=\"twitter:label1\" content=\"Dur\u00e9e de lecture estim\u00e9e\" \/>\n\t<meta name=\"twitter:data1\" content=\"8 minutes\" \/>\n<script type=\"application\/ld+json\" class=\"yoast-schema-graph\">{\"@context\":\"https:\/\/schema.org\",\"@graph\":[{\"@type\":\"WebPage\",\"@id\":\"https:\/\/cpamapc.org\/fr\/donate\/\",\"url\":\"https:\/\/cpamapc.org\/fr\/donate\/\",\"name\":\"Faire un don - Montreal Assault Prevention Centre\",\"isPartOf\":{\"@id\":\"https:\/\/cpamapc.org\/fr\/#website\"},\"datePublished\":\"2022-08-11T20:08:29+00:00\",\"dateModified\":\"2023-07-27T18:01:50+00:00\",\"breadcrumb\":{\"@id\":\"https:\/\/cpamapc.org\/fr\/donate\/#breadcrumb\"},\"inLanguage\":\"fr-FR\",\"potentialAction\":[{\"@type\":\"ReadAction\",\"target\":[\"https:\/\/cpamapc.org\/fr\/donate\/\"]}]},{\"@type\":\"BreadcrumbList\",\"@id\":\"https:\/\/cpamapc.org\/fr\/donate\/#breadcrumb\",\"itemListElement\":[{\"@type\":\"ListItem\",\"position\":1,\"name\":\"Home\",\"item\":\"https:\/\/cpamapc.org\/fr\/home\/\"},{\"@type\":\"ListItem\",\"position\":2,\"name\":\"Faire un don\"}]},{\"@type\":\"WebSite\",\"@id\":\"https:\/\/cpamapc.org\/fr\/#website\",\"url\":\"https:\/\/cpamapc.org\/fr\/\",\"name\":\"Montreal Assault Prevention Centre\",\"description\":\"Assault prevention\",\"potentialAction\":[{\"@type\":\"SearchAction\",\"target\":{\"@type\":\"EntryPoint\",\"urlTemplate\":\"https:\/\/cpamapc.org\/fr\/?s={search_term_string}\"},\"query-input\":{\"@type\":\"PropertyValueSpecification\",\"valueRequired\":true,\"valueName\":\"search_term_string\"}}],\"inLanguage\":\"fr-FR\"}]}<\/script>\n<!-- \/ Yoast SEO plugin. -->","yoast_head_json":{"title":"Faire un don - Montreal Assault Prevention Centre","robots":{"index":"index","follow":"follow","max-snippet":"max-snippet:-1","max-image-preview":"max-image-preview:large","max-video-preview":"max-video-preview:-1"},"canonical":"https:\/\/cpamapc.org\/fr\/donate\/","og_locale":"fr_FR","og_type":"article","og_title":"Faire un don - Montreal Assault Prevention Centre","og_url":"https:\/\/cpamapc.org\/fr\/donate\/","og_site_name":"Montreal Assault Prevention Centre","article_modified_time":"2023-07-27T18:01:50+00:00","twitter_card":"summary_large_image","twitter_misc":{"Dur\u00e9e de lecture estim\u00e9e":"8 minutes"},"schema":{"@context":"https:\/\/schema.org","@graph":[{"@type":"WebPage","@id":"https:\/\/cpamapc.org\/fr\/donate\/","url":"https:\/\/cpamapc.org\/fr\/donate\/","name":"Faire un don - Montreal Assault Prevention Centre","isPartOf":{"@id":"https:\/\/cpamapc.org\/fr\/#website"},"datePublished":"2022-08-11T20:08:29+00:00","dateModified":"2023-07-27T18:01:50+00:00","breadcrumb":{"@id":"https:\/\/cpamapc.org\/fr\/donate\/#breadcrumb"},"inLanguage":"fr-FR","potentialAction":[{"@type":"ReadAction","target":["https:\/\/cpamapc.org\/fr\/donate\/"]}]},{"@type":"BreadcrumbList","@id":"https:\/\/cpamapc.org\/fr\/donate\/#breadcrumb","itemListElement":[{"@type":"ListItem","position":1,"name":"Home","item":"https:\/\/cpamapc.org\/fr\/home\/"},{"@type":"ListItem","position":2,"name":"Faire un don"}]},{"@type":"WebSite","@id":"https:\/\/cpamapc.org\/fr\/#website","url":"https:\/\/cpamapc.org\/fr\/","name":"Montreal Assault Prevention Centre","description":"Assault prevention","potentialAction":[{"@type":"SearchAction","target":{"@type":"EntryPoint","urlTemplate":"https:\/\/cpamapc.org\/fr\/?s={search_term_string}"},"query-input":{"@type":"PropertyValueSpecification","valueRequired":true,"valueName":"search_term_string"}}],"inLanguage":"fr-FR"}]}},"jetpack_sharing_enabled":true,"_links":{"self":[{"href":"https:\/\/cpamapc.org\/fr\/wp-json\/wp\/v2\/pages\/3022","targetHints":{"allow":["GET"]}}],"collection":[{"href":"https:\/\/cpamapc.org\/fr\/wp-json\/wp\/v2\/pages"}],"about":[{"href":"https:\/\/cpamapc.org\/fr\/wp-json\/wp\/v2\/types\/page"}],"author":[{"embeddable":true,"href":"https:\/\/cpamapc.org\/fr\/wp-json\/wp\/v2\/users\/5"}],"replies":[{"embeddable":true,"href":"https:\/\/cpamapc.org\/fr\/wp-json\/wp\/v2\/comments?post=3022"}],"version-history":[{"count":9,"href":"https:\/\/cpamapc.org\/fr\/wp-json\/wp\/v2\/pages\/3022\/revisions"}],"predecessor-version":[{"id":3509,"href":"https:\/\/cpamapc.org\/fr\/wp-json\/wp\/v2\/pages\/3022\/revisions\/3509"}],"wp:attachment":[{"href":"https:\/\/cpamapc.org\/fr\/wp-json\/wp\/v2\/media?parent=3022"}],"curies":[{"name":"wp","href":"https:\/\/api.w.org\/{rel}","templated":true}]}}